{"id":2195,"date":"2023-12-20T15:11:18","date_gmt":"2023-12-20T15:11:18","guid":{"rendered":"https:\/\/surtistereo.store\/?post_type=product&#038;p=2195"},"modified":"2025-12-24T14:38:09","modified_gmt":"2025-12-24T19:38:09","slug":"altavoz-pa-portatil-autoamplificado-de-12-pulgadas-con-bluetooth","status":"publish","type":"product","link":"https:\/\/www.surtistereo.com\/?product=altavoz-pa-portatil-autoamplificado-de-12-pulgadas-con-bluetooth","title":{"rendered":"IRX-112BT Altavoz PA port\u00e1til autoamplificado de 12 pulgadas con Bluetooth"},"content":{"rendered":"<div id=\"product-features\" class=\"row product-subheader\">\n<div class=\"small-10 columns\">\n<h3 class=\"content-nav\" data-magellan-destination=\"features\">IRX-112BT<\/h3>\n<h3 class=\"content-nav\" data-magellan-destination=\"features\">Caracter\u00edsticas<\/h3>\n<\/div>\n<div class=\"small-2 columns text-right\"><\/div>\n<\/div>\n<div id=\"panel_features\" class=\"product_main_tab_content content \">\n<div class=\"features text-content\">\n<ul>\n<li>Aut\u00e9ntico woofer JBL de 12 pulgadas<\/li>\n<li>Cuatro ajustes preestablecidos de ecualizador reales eliminan las conjeturas a la hora de optimizar el sonido<\/li>\n<li>La supresi\u00f3n autom\u00e1tica de retroalimentaci\u00f3n dbx AFS2 detiene la retroalimentaci\u00f3n antes de que comience<\/li>\n<li>La integraci\u00f3n Bluetooth permite la transmisi\u00f3n est\u00e9reo de m\u00fasica, bandas sonoras y pistas de acompa\u00f1amiento.<\/li>\n<li>La reducci\u00f3n con un solo toque reduce autom\u00e1ticamente el volumen de la m\u00fasica cuando se detecta entrada de voz<\/li>\n<li>Amplia respuesta de frecuencia: 53 Hz \u2013 20 kHz<\/li>\n<li>SPL m\u00e1ximo: 127 dB<\/li>\n<li>Dise\u00f1o liviano: 27 libras<\/li>\n<li>Potencia: 1300W<\/li>\n<li>2 conectores combinados XLR\/TRS y 1 salida XLR ofrecen una gama de opciones de conectividad<\/li>\n<li>El interruptor de selecci\u00f3n de micr\u00f3fono\/l\u00ednea mejora la versatilidad<\/li>\n<li>Las asas ergon\u00f3micas hacen que el transporte sea r\u00e1pido y sencillo<\/li>\n<li>La duradera rejilla de polipropileno tipo panal ha sido probada en carretera para garantizar su confiabilidad.<\/li>\n<li>El montaje en poste incorporado ampl\u00eda las opciones de configuraci\u00f3n del sistema<\/li>\n<\/ul>\n<\/div>\n<\/div>\n","protected":false},"excerpt":{"rendered":"<p>IRX-112BT Caracter\u00edsticas Aut\u00e9ntico woofer JBL de 12 pulgadas Cuatro ajustes preestablecidos de ecualizador reales eliminan las conjeturas a la hora de optimizar el sonido La supresi\u00f3n autom\u00e1tica de retroalimentaci\u00f3n dbx AFS2 detiene la retroalimentaci\u00f3n antes de que comience La integraci\u00f3n Bluetooth permite la transmisi\u00f3n est\u00e9reo de m\u00fasica, bandas sonoras y pistas de acompa\u00f1amiento. La reducci\u00f3n [&hellip;]<\/p>\n","protected":false},"featured_media":3837,"comment_status":"open","ping_status":"closed","template":"","meta":{"site-sidebar-layout":"default","site-content-layout":"","ast-site-content-layout":"default","site-content-style":"default","site-sidebar-style":"default","ast-global-header-display":"","ast-banner-title-visibility":"","ast-main-header-display":"","ast-hfb-above-header-display":"","ast-hfb-below-header-display":"","ast-hfb-mobile-header-display":"","site-post-title":"","ast-breadcrumbs-content":"","ast-featured-img":"","footer-sml-layout":"","ast-disable-related-posts":"","theme-transparent-header-meta":"default","adv-header-id-meta":"","stick-header-meta":"","header-above-stick-meta":"","header-main-stick-meta":"","header-below-stick-meta":"","astra-migrate-meta-layouts":"set","ast-page-background-enabled":"default","ast-page-background-meta":{"desktop":{"background-color":"","background-image":"","background-repeat":"repeat","background-position":"center center","background-size":"auto","background-attachment":"scroll","background-type":"","background-media":"","overlay-type":"","overlay-color":"","overlay-opacity":"","overlay-gradient":""},"tablet":{"background-color":"","background-image":"","background-repeat":"repeat","background-position":"center center","background-size":"auto","background-attachment":"scroll","background-type":"","background-media":"","overlay-type":"","overlay-color":"","overlay-opacity":"","overlay-gradient":""},"mobile":{"background-color":"","background-image":"","background-repeat":"repeat","background-position":"center center","background-size":"auto","background-attachment":"scroll","background-type":"","background-media":"","overlay-type":"","overlay-color":"","overlay-opacity":"","overlay-gradient":""}},"ast-content-background-meta":{"desktop":{"background-color":"var(--ast-global-color-5)","background-image":"","background-repeat":"repeat","background-position":"center center","background-size":"auto","background-attachment":"scroll","background-type":"","background-media":"","overlay-type":"","overlay-color":"","overlay-opacity":"","overlay-gradient":""},"tablet":{"background-color":"var(--ast-global-color-5)","background-image":"","background-repeat":"repeat","background-position":"center center","background-size":"auto","background-attachment":"scroll","background-type":"","background-media":"","overlay-type":"","overlay-color":"","overlay-opacity":"","overlay-gradient":""},"mobile":{"background-color":"var(--ast-global-color-5)","background-image":"","background-repeat":"repeat","background-position":"center center","background-size":"auto","background-attachment":"scroll","background-type":"","background-media":"","overlay-type":"","overlay-color":"","overlay-opacity":"","overlay-gradient":""}},"jetpack_publicize_message":"","jetpack_publicize_feature_enabled":true,"jetpack_social_post_already_shared":false,"jetpack_social_options":{"image_generator_settings":{"template":"highway","default_image_id":0,"font":"","enabled":false},"version":2}},"pwb-brand":[],"product_brand":[],"product_cat":[107],"product_tag":[],"class_list":{"0":"post-2195","1":"product","2":"type-product","3":"status-publish","4":"has-post-thumbnail","6":"product_cat-cabinas-activas","7":"desktop-align-center","8":"tablet-align-left","9":"mobile-align-left","11":"first","12":"instock","13":"sold-individually","14":"taxable","15":"shipping-taxable","16":"purchasable","17":"product-type-simple"},"supplier_id":null,"supplier_sku":"","barcode":null,"atum_controlled":true,"out_stock_date":null,"out_stock_threshold":null,"inheritable":false,"inbound_stock":null,"stock_on_hold":0,"sold_today":0,"sales_last_days":0,"reserved_stock":null,"customer_returns":null,"warehouse_damage":null,"lost_in_post":null,"other_logs":null,"out_stock_days":0,"lost_sales":0,"has_location":null,"update_date":"2026-05-01T00:40:14","atum_locations":[],"atum_stock_status":"instock","restock_status":false,"low_stock_amount":"","sales_update_date":"2026-05-01T00:40:14","calc_backorders":null,"jetpack_publicize_connections":[],"jetpack_sharing_enabled":true,"brands":[],"_links":{"self":[{"href":"https:\/\/www.surtistereo.com\/index.php?rest_route=\/wp\/v2\/product\/2195","targetHints":{"allow":["GET"]}}],"collection":[{"href":"https:\/\/www.surtistereo.com\/index.php?rest_route=\/wp\/v2\/product"}],"about":[{"href":"https:\/\/www.surtistereo.com\/index.php?rest_route=\/wp\/v2\/types\/product"}],"replies":[{"embeddable":true,"href":"https:\/\/www.surtistereo.com\/index.php?rest_route=%2Fwp%2Fv2%2Fcomments&post=2195"}],"version-history":[{"count":1,"href":"https:\/\/www.surtistereo.com\/index.php?rest_route=\/wp\/v2\/product\/2195\/revisions"}],"predecessor-version":[{"id":6697,"href":"https:\/\/www.surtistereo.com\/index.php?rest_route=\/wp\/v2\/product\/2195\/revisions\/6697"}],"wp:featuredmedia":[{"embeddable":true,"href":"https:\/\/www.surtistereo.com\/index.php?rest_route=\/wp\/v2\/media\/3837"}],"wp:attachment":[{"href":"https:\/\/www.surtistereo.com\/index.php?rest_route=%2Fwp%2Fv2%2Fmedia&parent=2195"}],"wp:term":[{"taxonomy":"pwb-brand","embeddable":true,"href":"https:\/\/www.surtistereo.com\/index.php?rest_route=%2Fwp%2Fv2%2Fpwb-brand&post=2195"},{"taxonomy":"product_brand","embeddable":true,"href":"https:\/\/www.surtistereo.com\/index.php?rest_route=%2Fwp%2Fv2%2Fproduct_brand&post=2195"},{"taxonomy":"product_cat","embeddable":true,"href":"https:\/\/www.surtistereo.com\/index.php?rest_route=%2Fwp%2Fv2%2Fproduct_cat&post=2195"},{"taxonomy":"product_tag","embeddable":true,"href":"https:\/\/www.surtistereo.com\/index.php?rest_route=%2Fwp%2Fv2%2Fproduct_tag&post=2195"}],"curies":[{"name":"wp","href":"https:\/\/api.w.org\/{rel}","templated":true}]}}