{"id":2180,"date":"2023-12-20T15:04:22","date_gmt":"2023-12-20T15:04:22","guid":{"rendered":"https:\/\/surtistereo.store\/?post_type=product&#038;p=2180"},"modified":"2025-05-06T15:01:19","modified_gmt":"2025-05-06T20:01:19","slug":"altavoz-pa-con-motor-de-12-pulgadas-con-bluetooth","status":"publish","type":"product","link":"https:\/\/www.surtistereo.com\/?product=altavoz-pa-con-motor-de-12-pulgadas-con-bluetooth","title":{"rendered":"EON-712 Altavoz PA con motor de 12 pulgadas con Bluetooth"},"content":{"rendered":"<div id=\"product-features\" class=\"row product-subheader\">\n<div class=\"small-10 columns\">\n<h3 class=\"content-nav\" data-magellan-destination=\"features\">EON-712<\/h3>\n<h3 class=\"content-nav\" data-magellan-destination=\"features\">Caracter\u00edsticas<\/h3>\n<\/div>\n<div class=\"small-2 columns text-right\"><\/div>\n<\/div>\n<div id=\"panel_features\" class=\"product_main_tab_content content \">\n<div class=\"features text-content\">\n<ul>\n<li>Woofer de 12 pulgadas dise\u00f1ado a medida<\/li>\n<li>Controlador de compresi\u00f3n 2414H-1<\/li>\n<li>Cuerno de alta frecuencia redise\u00f1ado<\/li>\n<li>Potencia: 1,300W Pico \/650W RMS<\/li>\n<li>Respuesta de frecuencia: 50 Hz\u201320 kHz (-10 dB); 60 Hz\u201320 kHz (-3 dB)<\/li>\n<li>SPL m\u00e1ximo: 127 dB<\/li>\n<li>Dispersi\u00f3n: 100\u00b0 H x 60\u00b0 V<\/li>\n<li>E\/S de audio: 2 XLR Combo, 1 XLR passthrough<\/li>\n<li>DSP avanzado de dbx: Supresi\u00f3n de Retroalimentaci\u00f3n Autom\u00e1tica, pateado, retardo de altavoz de 100 ms, EQ param\u00e9trico<\/li>\n<li>Mezclador digital incorporado de 3 canales<\/li>\n<li>La pantalla LCD a color retroiluminada proporciona un f\u00e1cil acceso a las funciones<\/li>\n<li>Control universal de la aplicaci\u00f3n JBL Pro Connect<\/li>\n<li>Bluetooth 5.0 streaming y control<\/li>\n<li>Gabinete de polipropileno duradero y rejilla de metal<\/li>\n<li>Dos mangos ergon\u00f3micos simplifican el transporte<\/li>\n<li>El soporte de poste incorporado y el EON700 Universal Yoke Mount opcionales ampl\u00edan las opciones de configuraci\u00f3n del sistema<\/li>\n<li>Los gabinetes apilables permiten un f\u00e1cil almacenamiento<\/li>\n<li>Dimensiones: 26.3 x 15 x 12.75 in (669 x 382 x 324 mm) (HxWxD)<\/li>\n<li>Peso: 32 libras (14,5 kg)<\/li>\n<li>Dimensiones de env\u00edo: 27.8 x 19.64 x 17.28 in (706 x 499 x 439 mm) (HxWxD)<\/li>\n<li>Peso de env\u00edo: 40.1 libras (18.2 kg)<\/li>\n<\/ul>\n<\/div>\n<\/div>\n","protected":false},"excerpt":{"rendered":"<p>EON-712 Caracter\u00edsticas Woofer de 12 pulgadas dise\u00f1ado a medida Controlador de compresi\u00f3n 2414H-1 Cuerno de alta frecuencia redise\u00f1ado Potencia: 1,300W Pico \/650W RMS Respuesta de frecuencia: 50 Hz\u201320 kHz (-10 dB); 60 Hz\u201320 kHz (-3 dB) SPL m\u00e1ximo: 127 dB Dispersi\u00f3n: 100\u00b0 H x 60\u00b0 V E\/S de audio: 2 XLR Combo, 1 XLR passthrough [&hellip;]<\/p>\n","protected":false},"featured_media":3814,"comment_status":"open","ping_status":"closed","template":"","meta":{"site-sidebar-layout":"default","site-content-layout":"","ast-site-content-layout":"default","site-content-style":"default","site-sidebar-style":"default","ast-global-header-display":"","ast-banner-title-visibility":"","ast-main-header-display":"","ast-hfb-above-header-display":"","ast-hfb-below-header-display":"","ast-hfb-mobile-header-display":"","site-post-title":"","ast-breadcrumbs-content":"","ast-featured-img":"","footer-sml-layout":"","ast-disable-related-posts":"","theme-transparent-header-meta":"default","adv-header-id-meta":"","stick-header-meta":"","header-above-stick-meta":"","header-main-stick-meta":"","header-below-stick-meta":"","astra-migrate-meta-layouts":"set","ast-page-background-enabled":"default","ast-page-background-meta":{"desktop":{"background-color":"","background-image":"","background-repeat":"repeat","background-position":"center center","background-size":"auto","background-attachment":"scroll","background-type":"","background-media":"","overlay-type":"","overlay-color":"","overlay-opacity":"","overlay-gradient":""},"tablet":{"background-color":"","background-image":"","background-repeat":"repeat","background-position":"center center","background-size":"auto","background-attachment":"scroll","background-type":"","background-media":"","overlay-type":"","overlay-color":"","overlay-opacity":"","overlay-gradient":""},"mobile":{"background-color":"","background-image":"","background-repeat":"repeat","background-position":"center center","background-size":"auto","background-attachment":"scroll","background-type":"","background-media":"","overlay-type":"","overlay-color":"","overlay-opacity":"","overlay-gradient":""}},"ast-content-background-meta":{"desktop":{"background-color":"var(--ast-global-color-5)","background-image":"","background-repeat":"repeat","background-position":"center center","background-size":"auto","background-attachment":"scroll","background-type":"","background-media":"","overlay-type":"","overlay-color":"","overlay-opacity":"","overlay-gradient":""},"tablet":{"background-color":"var(--ast-global-color-5)","background-image":"","background-repeat":"repeat","background-position":"center center","background-size":"auto","background-attachment":"scroll","background-type":"","background-media":"","overlay-type":"","overlay-color":"","overlay-opacity":"","overlay-gradient":""},"mobile":{"background-color":"var(--ast-global-color-5)","background-image":"","background-repeat":"repeat","background-position":"center center","background-size":"auto","background-attachment":"scroll","background-type":"","background-media":"","overlay-type":"","overlay-color":"","overlay-opacity":"","overlay-gradient":""}},"jetpack_publicize_message":"","jetpack_publicize_feature_enabled":true,"jetpack_social_post_already_shared":false,"jetpack_social_options":{"image_generator_settings":{"template":"highway","default_image_id":0,"font":"","enabled":false},"version":2}},"pwb-brand":[],"product_brand":[],"product_cat":[107],"product_tag":[],"class_list":{"0":"post-2180","1":"product","2":"type-product","3":"status-publish","4":"has-post-thumbnail","6":"product_cat-cabinas-activas","7":"desktop-align-center","8":"tablet-align-left","9":"mobile-align-left","11":"first","12":"instock","13":"sold-individually","14":"taxable","15":"shipping-taxable","16":"purchasable","17":"product-type-simple"},"supplier_id":null,"supplier_sku":"","barcode":null,"atum_controlled":true,"out_stock_date":null,"out_stock_threshold":null,"inheritable":false,"inbound_stock":null,"stock_on_hold":0,"sold_today":0,"sales_last_days":0,"reserved_stock":null,"customer_returns":null,"warehouse_damage":null,"lost_in_post":null,"other_logs":null,"out_stock_days":0,"lost_sales":0,"has_location":null,"update_date":"2026-05-01T00:40:14","atum_locations":[],"atum_stock_status":"instock","restock_status":false,"low_stock_amount":"","sales_update_date":"2026-05-01T00:40:14","calc_backorders":null,"jetpack_publicize_connections":[],"jetpack_sharing_enabled":true,"brands":[],"_links":{"self":[{"href":"https:\/\/www.surtistereo.com\/index.php?rest_route=\/wp\/v2\/product\/2180","targetHints":{"allow":["GET"]}}],"collection":[{"href":"https:\/\/www.surtistereo.com\/index.php?rest_route=\/wp\/v2\/product"}],"about":[{"href":"https:\/\/www.surtistereo.com\/index.php?rest_route=\/wp\/v2\/types\/product"}],"replies":[{"embeddable":true,"href":"https:\/\/www.surtistereo.com\/index.php?rest_route=%2Fwp%2Fv2%2Fcomments&post=2180"}],"version-history":[{"count":0,"href":"https:\/\/www.surtistereo.com\/index.php?rest_route=\/wp\/v2\/product\/2180\/revisions"}],"wp:featuredmedia":[{"embeddable":true,"href":"https:\/\/www.surtistereo.com\/index.php?rest_route=\/wp\/v2\/media\/3814"}],"wp:attachment":[{"href":"https:\/\/www.surtistereo.com\/index.php?rest_route=%2Fwp%2Fv2%2Fmedia&parent=2180"}],"wp:term":[{"taxonomy":"pwb-brand","embeddable":true,"href":"https:\/\/www.surtistereo.com\/index.php?rest_route=%2Fwp%2Fv2%2Fpwb-brand&post=2180"},{"taxonomy":"product_brand","embeddable":true,"href":"https:\/\/www.surtistereo.com\/index.php?rest_route=%2Fwp%2Fv2%2Fproduct_brand&post=2180"},{"taxonomy":"product_cat","embeddable":true,"href":"https:\/\/www.surtistereo.com\/index.php?rest_route=%2Fwp%2Fv2%2Fproduct_cat&post=2180"},{"taxonomy":"product_tag","embeddable":true,"href":"https:\/\/www.surtistereo.com\/index.php?rest_route=%2Fwp%2Fv2%2Fproduct_tag&post=2180"}],"curies":[{"name":"wp","href":"https:\/\/api.w.org\/{rel}","templated":true}]}}