{"id":3510,"date":"2024-09-03T10:25:14","date_gmt":"2024-09-03T15:25:14","guid":{"rendered":"https:\/\/www.surtistereo.com\/?page_id=3510"},"modified":"2024-09-26T10:02:34","modified_gmt":"2024-09-26T15:02:34","slug":"quienes-somos","status":"publish","type":"page","link":"https:\/\/www.surtistereo.com\/?page_id=3510","title":{"rendered":"QUI\u00c9NES SOMOS"},"content":{"rendered":"<p><img fetchpriority=\"high\" decoding=\"async\" class=\"wp-image-3572  aligncenter\" src=\"https:\/\/www.surtistereo.com\/wp-content\/uploads\/2024\/09\/IMG_5857-300x169.jpg\" alt=\"\" width=\"1257\" height=\"708\" srcset=\"https:\/\/www.surtistereo.com\/wp-content\/uploads\/2024\/09\/IMG_5857-300x169.jpg 300w, https:\/\/www.surtistereo.com\/wp-content\/uploads\/2024\/09\/IMG_5857-1024x576.jpg 1024w, https:\/\/www.surtistereo.com\/wp-content\/uploads\/2024\/09\/IMG_5857-768x432.jpg 768w, https:\/\/www.surtistereo.com\/wp-content\/uploads\/2024\/09\/IMG_5857-1536x864.jpg 1536w, https:\/\/www.surtistereo.com\/wp-content\/uploads\/2024\/09\/IMG_5857-2048x1152.jpg 2048w, https:\/\/www.surtistereo.com\/wp-content\/uploads\/2024\/09\/IMG_5857-1320x743.jpg 1320w, https:\/\/www.surtistereo.com\/wp-content\/uploads\/2024\/09\/IMG_5857-600x338.jpg 600w, https:\/\/www.surtistereo.com\/wp-content\/uploads\/2024\/09\/IMG_5857-64x36.jpg 64w\" sizes=\"(max-width: 1257px) 100vw, 1257px\" \/><\/p>\n<p>&nbsp;<\/p>\n<h5 style=\"text-align: center;\">Somos SURTISTEREO, una empresa familiar ubicado en la ciudad de Barranquilla Colombia, con m\u00e1s de 50 a\u00f1os de experiencia, en equipos de electr\u00f3nica, iluminaci\u00f3n y audio profesional, somos una soluci\u00f3n a sus necesidades de audio, comercializando al precio justo, marcas de respaldo, as\u00ed como tambi\u00e9n nuestra marca propia JP Audio y JP Light.<\/h5>\n<h5 style=\"text-align: center;\">En SURTISTEREO, le brindamos a nuestros clientes productos de excelente calidad e innovaci\u00f3n, con el mejor servicio.<\/h5>\n<h5 style=\"text-align: center;\">Es para nosotros un motivo de orgullo, saber que nuestros productos nos han permitido durante todos estos a\u00f1os, hacer presencia en sus hogares y negocios.<\/h5>\n<p>&nbsp;<\/p>\n<h4 style=\"text-align: center;\">MISI\u00d3N<\/h4>\n<h5 style=\"text-align: center;\">Hacer realidad los deseos de nuestros clientes en el mundo de la electr\u00f3nica, audio y video con un servicio excepcional.<\/h5>\n","protected":false},"excerpt":{"rendered":"<p>&nbsp; Somos SURTISTEREO, una empresa familiar ubicado en la ciudad de Barranquilla Colombia, con m\u00e1s de 50 a\u00f1os de experiencia, en equipos de electr\u00f3nica, iluminaci\u00f3n y audio profesional, somos una soluci\u00f3n a sus necesidades de audio, comercializando al precio justo, marcas de respaldo, as\u00ed como tambi\u00e9n nuestra marca propia JP Audio y JP Light. En [&hellip;]<\/p>\n","protected":false},"author":3,"featured_media":0,"parent":0,"menu_order":0,"comment_status":"closed","ping_status":"closed","template":"","meta":{"site-sidebar-layout":"default","site-content-layout":"","ast-site-content-layout":"default","site-content-style":"default","site-sidebar-style":"default","ast-global-header-display":"","ast-banner-title-visibility":"","ast-main-header-display":"","ast-hfb-above-header-display":"","ast-hfb-below-header-display":"","ast-hfb-mobile-header-display":"","site-post-title":"","ast-breadcrumbs-content":"","ast-featured-img":"","footer-sml-layout":"","ast-disable-related-posts":"","theme-transparent-header-meta":"default","adv-header-id-meta":"","stick-header-meta":"","header-above-stick-meta":"","header-main-stick-meta":"","header-below-stick-meta":"","astra-migrate-meta-layouts":"set","ast-page-background-enabled":"default","ast-page-background-meta":{"desktop":{"background-color":"","background-image":"","background-repeat":"repeat","background-position":"center center","background-size":"auto","background-attachment":"scroll","background-type":"","background-media":"","overlay-type":"","overlay-color":"","overlay-opacity":"","overlay-gradient":""},"tablet":{"background-color":"","background-image":"","background-repeat":"repeat","background-position":"center center","background-size":"auto","background-attachment":"scroll","background-type":"","background-media":"","overlay-type":"","overlay-color":"","overlay-opacity":"","overlay-gradient":""},"mobile":{"background-color":"","background-image":"","background-repeat":"repeat","background-position":"center center","background-size":"auto","background-attachment":"scroll","background-type":"","background-media":"","overlay-type":"","overlay-color":"","overlay-opacity":"","overlay-gradient":""}},"ast-content-background-meta":{"desktop":{"background-color":"var(--ast-global-color-5)","background-image":"","background-repeat":"repeat","background-position":"center center","background-size":"auto","background-attachment":"scroll","background-type":"","background-media":"","overlay-type":"","overlay-color":"","overlay-opacity":"","overlay-gradient":""},"tablet":{"background-color":"var(--ast-global-color-5)","background-image":"","background-repeat":"repeat","background-position":"center center","background-size":"auto","background-attachment":"scroll","background-type":"","background-media":"","overlay-type":"","overlay-color":"","overlay-opacity":"","overlay-gradient":""},"mobile":{"background-color":"var(--ast-global-color-5)","background-image":"","background-repeat":"repeat","background-position":"center center","background-size":"auto","background-attachment":"scroll","background-type":"","background-media":"","overlay-type":"","overlay-color":"","overlay-opacity":"","overlay-gradient":""}},"footnotes":""},"class_list":["post-3510","page","type-page","status-publish","hentry"],"jetpack_sharing_enabled":true,"_links":{"self":[{"href":"https:\/\/www.surtistereo.com\/index.php?rest_route=\/wp\/v2\/pages\/3510","targetHints":{"allow":["GET"]}}],"collection":[{"href":"https:\/\/www.surtistereo.com\/index.php?rest_route=\/wp\/v2\/pages"}],"about":[{"href":"https:\/\/www.surtistereo.com\/index.php?rest_route=\/wp\/v2\/types\/page"}],"author":[{"embeddable":true,"href":"https:\/\/www.surtistereo.com\/index.php?rest_route=\/wp\/v2\/users\/3"}],"replies":[{"embeddable":true,"href":"https:\/\/www.surtistereo.com\/index.php?rest_route=%2Fwp%2Fv2%2Fcomments&post=3510"}],"version-history":[{"count":11,"href":"https:\/\/www.surtistereo.com\/index.php?rest_route=\/wp\/v2\/pages\/3510\/revisions"}],"predecessor-version":[{"id":3573,"href":"https:\/\/www.surtistereo.com\/index.php?rest_route=\/wp\/v2\/pages\/3510\/revisions\/3573"}],"wp:attachment":[{"href":"https:\/\/www.surtistereo.com\/index.php?rest_route=%2Fwp%2Fv2%2Fmedia&parent=3510"}],"curies":[{"name":"wp","href":"https:\/\/api.w.org\/{rel}","templated":true}]}}